{"id":43,"date":"2016-01-08T16:13:53","date_gmt":"2016-01-08T14:13:53","guid":{"rendered":"http:\/\/joonjapunkt.ee\/?page_id=43"},"modified":"2025-02-14T17:17:14","modified_gmt":"2025-02-14T15:17:14","slug":"teenused","status":"publish","type":"page","link":"https:\/\/joonjapunkt.ee\/?page_id=43","title":{"rendered":"Teenused\/Services"},"content":{"rendered":"<p><span style=\"font-family: Verdana, Geneva;\">Joon ja Punkt O\u00dc pakub allj\u00e4rgnevaid teenuseid:<\/span><\/p>\n<ul>\n<li><span style=\"font-family: Verdana, Geneva;\">T\u00f5lket\u00f6\u00f6d Eesti-Inglise-Vene-Soome<\/span><\/li>\n<li><span style=\"font-family: Verdana, Geneva;\">Professionaalse videotehnika m\u00fc\u00fck ning paigaldamine<\/span><\/li>\n<li><span style=\"font-family: Verdana, Geneva;\">IT seadmete m\u00fc\u00fck ning hooldus<\/span><\/li>\n<li><span style=\"font-family: Verdana, Geneva;\">Telekommunikatsioonialased konsultatsioonid<\/span><\/li>\n<li><span style=\"font-family: Verdana, Geneva;\">Projektijuhtimine<\/span><\/li>\n<\/ul>\n<p><span style=\"font-family: Verdana, Geneva;\">Joon ja Punkt O\u00dc offers the following services:<\/span><\/p>\n<ul>\n<li><span style=\"font-family: Verdana, Geneva;\">Translation services (Estonian-English-Russian-Finnish)<\/span><\/li>\n<li><span style=\"font-family: Verdana, Geneva;\">Professional video equipment sales and installation<\/span><\/li>\n<li><span style=\"font-family: Verdana, Geneva;\">IT equipment sales and maintenance<\/span><\/li>\n<li><span style=\"font-family: Verdana, Geneva;\">Telecommunications consulting<\/span><\/li>\n<li><span style=\"font-family: Verdana, Geneva;\">Project management<\/span><\/li>\n<\/ul>\n\n\n<p><\/p>\n","protected":false},"excerpt":{"rendered":"<p>Joon ja Punkt O\u00dc pakub allj\u00e4rgnevaid teenuseid: T\u00f5lket\u00f6\u00f6d Eesti-Inglise-Vene-Soome Professionaalse videotehnika m\u00fc\u00fck ning paigaldamine IT seadmete m\u00fc\u00fck ning hooldus Telekommunikatsioonialased konsultatsioonid Projektijuhtimine Joon ja Punkt O\u00dc offers the following services: Translation services (Estonian-English-Russian-Finnish) Professional video equipment sales and installation IT equipment sales and maintenance Telecommunications consulting Project management<\/p>\n","protected":false},"author":1,"featured_media":0,"parent":0,"menu_order":0,"comment_status":"open","ping_status":"open","template":"template-fullwidth.php","meta":{"footnotes":""},"class_list":["post-43","page","type-page","status-publish","hentry"],"_links":{"self":[{"href":"https:\/\/joonjapunkt.ee\/index.php?rest_route=\/wp\/v2\/pages\/43","targetHints":{"allow":["GET"]}}],"collection":[{"href":"https:\/\/joonjapunkt.ee\/index.php?rest_route=\/wp\/v2\/pages"}],"about":[{"href":"https:\/\/joonjapunkt.ee\/index.php?rest_route=\/wp\/v2\/types\/page"}],"author":[{"embeddable":true,"href":"https:\/\/joonjapunkt.ee\/index.php?rest_route=\/wp\/v2\/users\/1"}],"replies":[{"embeddable":true,"href":"https:\/\/joonjapunkt.ee\/index.php?rest_route=%2Fwp%2Fv2%2Fcomments&post=43"}],"version-history":[{"count":4,"href":"https:\/\/joonjapunkt.ee\/index.php?rest_route=\/wp\/v2\/pages\/43\/revisions"}],"predecessor-version":[{"id":115,"href":"https:\/\/joonjapunkt.ee\/index.php?rest_route=\/wp\/v2\/pages\/43\/revisions\/115"}],"wp:attachment":[{"href":"https:\/\/joonjapunkt.ee\/index.php?rest_route=%2Fwp%2Fv2%2Fmedia&parent=43"}],"curies":[{"name":"wp","href":"https:\/\/api.w.org\/{rel}","templated":true}]}}