{"id":116,"date":"2025-02-14T17:24:28","date_gmt":"2025-02-14T15:24:28","guid":{"rendered":"https:\/\/joonjapunkt.ee\/?page_id=116"},"modified":"2025-02-14T19:33:34","modified_gmt":"2025-02-14T17:33:34","slug":"tere-tulemast-welcome","status":"publish","type":"page","link":"https:\/\/joonjapunkt.ee\/","title":{"rendered":"Tere tulemast\/Welcome"},"content":{"rendered":"\n<p><strong>Tere tulemast Joon ja Punkt O\u00dc kodulehele!<\/strong><\/p>\n\n\n\n<p>Pakun professionaalset t\u00f5lketeenust tehnikavaldkonnas ning oman kogemusi mitmete valdkondade nagu patendid, keskkond, juriidika, mikrobioloogia ja meditsiin erialaste tekstide t\u00f5lkimisel. Alustasin oma teed t\u00f5lkijana 2009. aastal FIE-na ning 2013. aastal asutasin ettev\u00f5tte Joon ja Punkt O\u00dc, et pakkuda kvaliteetset ja t\u00e4pset t\u00f5lketeenust.<\/p>\n\n\n\n<p>Pakun t\u00f5lkeid j\u00e4rgmistes keeltes:<\/p>\n\n\n\n<ul class=\"wp-block-list\">\n<li><strong>Inglise-eesti<\/strong><\/li>\n\n\n\n<li><strong>Vene-eesti<\/strong><\/li>\n\n\n\n<li><strong>Soome-eesti<\/strong><\/li>\n<\/ul>\n\n\n\n<p>K\u00f5ige rohkem olen t\u00f5lkinud  tehnilisi tekste, kuid olen valmis t\u00f5lkima ka teisi keerukamaid ja spetsiifilisi tekstid. Saan hakkama ka keeruliste ja spetsiifiliste valdkondadega, tagades, et iga t\u00f5lge on t\u00e4pne ja vastab valdkonna n\u00f5udmistele.<\/p>\n\n\n\n<p><strong>Kohandatud teenused:<\/strong><\/p>\n\n\n\n<ul class=\"wp-block-list\">\n<li>Tekstide t\u00f5lkimine ja kohandamine vastavalt teie vajadustele<\/li>\n\n\n\n<li>Failide joondamine ja kujundamine (Word, PDF, Acrobat, InSight)<\/li>\n\n\n\n<li>Trados Studio 2021 SR tarkvara kasutamine kvaliteedi tagamiseks<\/li>\n<\/ul>\n\n\n\n<p><strong>Kvaliteetne t\u00f6\u00f6, t\u00e4psed tulemused<\/strong><\/p>\n\n\n\n<p>Eesti-inglise t\u00f5lgete puhul on ajakulu ja toimetamisvajadus k\u00f5rgemad, kuid olen valmis investeerima aega ja vaeva, et tagada kvaliteetne l\u00f5pptulemus. Tean, et t\u00f5lkimine ei ole lihtsalt s\u00f5nade mehaaniline t\u00f5lkimine, vaid iga teksti puhul tuleb arvestada ka konteksti ja valdkonna erip\u00e4raga.<\/p>\n\n\n\n<p>Kui otsite usaldusv\u00e4\u00e4rset ja professionaalset teenusepakkujat, olete j\u00f5udnud \u00f5igesse kohta!<\/p>\n\n\n\n<p>Vt ka Teenused\/Services.<\/p>\n\n\n\n<p><strong>V\u00f5tke \u00fchendust ja r\u00e4\u00e4kige oma vajadustest!<\/strong><\/p>\n\n\n\n<p><strong>Welcome to the Joon ja Punkt O\u00dc website!<\/strong><\/p>\n\n\n\n<p>I offer professional translation services in the field of technology and have experience in translating texts from various areas such as patents, environment, law, microbiology, and medicine. I began my journey as a translator in 2009, and in 2013 I established Joon ja Punkt O\u00dc to provide high-quality and accurate translation services.<\/p>\n\n\n\n<p>I offer translations in the following languages:<\/p>\n\n\n\n<ul class=\"wp-block-list\">\n<li>English to Estonian<\/li>\n\n\n\n<li>Russian to Estonian<\/li>\n\n\n\n<li>Finnish to Estonian<\/li>\n<\/ul>\n\n\n\n<p>I have translated primarily technical texts, but I am also ready to handle other complex and specialized texts. I am capable of working with challenging and specific fields, ensuring that every translation is accurate and meets the requirements of the industry.<\/p>\n\n\n\n<p><strong>Tailored services:<\/strong><\/p>\n\n\n\n<ul class=\"wp-block-list\">\n<li>Translation and adaptation of texts according to your needs<\/li>\n\n\n\n<li>Text alignment and formatting (Word, PDF, Acrobat, InSight)<\/li>\n\n\n\n<li>Use of Trados Studio 2021 SR software to ensure quality<\/li>\n<\/ul>\n\n\n\n<p><strong>High-quality work, accurate results<\/strong><\/p>\n\n\n\n<p>For English-Estonian translations, the time and editing requirements are higher, but I am committed to investing time and effort to deliver a high-quality final product. I understand that translation is not just about mechanically translating words; it is about considering the context and the specific characteristics of each field.<\/p>\n\n\n\n<p>If you are looking for a reliable and professional service provider, you have come to the right place!<\/p>\n\n\n\n<p>See also <strong>Services\/Teenused<\/strong>.<\/p>\n\n\n\n<figure class=\"wp-block-image size-large\"><a href=\"https:\/\/joonjapunkt.ee\/wp-content\/uploads\/2025\/02\/Tahed-taust-1.jpg\"><img loading=\"lazy\" decoding=\"async\" width=\"1024\" height=\"585\" src=\"https:\/\/joonjapunkt.ee\/wp-content\/uploads\/2025\/02\/Tahed-taust-1-1024x585.jpg\" alt=\"\" class=\"wp-image-127\" srcset=\"https:\/\/joonjapunkt.ee\/wp-content\/uploads\/2025\/02\/Tahed-taust-1-1024x585.jpg 1024w, https:\/\/joonjapunkt.ee\/wp-content\/uploads\/2025\/02\/Tahed-taust-1-300x171.jpg 300w, https:\/\/joonjapunkt.ee\/wp-content\/uploads\/2025\/02\/Tahed-taust-1-768x439.jpg 768w, https:\/\/joonjapunkt.ee\/wp-content\/uploads\/2025\/02\/Tahed-taust-1-1536x878.jpg 1536w, https:\/\/joonjapunkt.ee\/wp-content\/uploads\/2025\/02\/Tahed-taust-1.jpg 1792w\" sizes=\"auto, (max-width: 1024px) 100vw, 1024px\" \/><\/a><\/figure>\n","protected":false},"excerpt":{"rendered":"<p>Tere tulemast Joon ja Punkt O\u00dc kodulehele! Pakun professionaalset t\u00f5lketeenust tehnikavaldkonnas ning oman kogemusi mitmete valdkondade nagu patendid, keskkond, juriidika, mikrobioloogia ja meditsiin erialaste tekstide t\u00f5lkimisel. Alustasin oma teed t\u00f5lkijana 2009. aastal FIE-na ning 2013. aastal asutasin ettev\u00f5tte Joon ja Punkt O\u00dc, et pakkuda kvaliteetset ja t\u00e4pset t\u00f5lketeenust. Pakun t\u00f5lkeid j\u00e4rgmistes keeltes: Inglise-eesti Vene-eesti Soome-eesti [&hellip;]<\/p>\n","protected":false},"author":1,"featured_media":0,"parent":0,"menu_order":0,"comment_status":"closed","ping_status":"closed","template":"","meta":{"footnotes":""},"class_list":["post-116","page","type-page","status-publish","hentry"],"_links":{"self":[{"href":"https:\/\/joonjapunkt.ee\/index.php?rest_route=\/wp\/v2\/pages\/116","targetHints":{"allow":["GET"]}}],"collection":[{"href":"https:\/\/joonjapunkt.ee\/index.php?rest_route=\/wp\/v2\/pages"}],"about":[{"href":"https:\/\/joonjapunkt.ee\/index.php?rest_route=\/wp\/v2\/types\/page"}],"author":[{"embeddable":true,"href":"https:\/\/joonjapunkt.ee\/index.php?rest_route=\/wp\/v2\/users\/1"}],"replies":[{"embeddable":true,"href":"https:\/\/joonjapunkt.ee\/index.php?rest_route=%2Fwp%2Fv2%2Fcomments&post=116"}],"version-history":[{"count":5,"href":"https:\/\/joonjapunkt.ee\/index.php?rest_route=\/wp\/v2\/pages\/116\/revisions"}],"predecessor-version":[{"id":129,"href":"https:\/\/joonjapunkt.ee\/index.php?rest_route=\/wp\/v2\/pages\/116\/revisions\/129"}],"wp:attachment":[{"href":"https:\/\/joonjapunkt.ee\/index.php?rest_route=%2Fwp%2Fv2%2Fmedia&parent=116"}],"curies":[{"name":"wp","href":"https:\/\/api.w.org\/{rel}","templated":true}]}}